{"id":3442,"date":"2026-04-13T11:18:41","date_gmt":"2026-04-13T09:18:41","guid":{"rendered":"https:\/\/www.hypnoseetpierres-sebastienlanotte.com\/?page_id=3442"},"modified":"2026-04-13T11:38:53","modified_gmt":"2026-04-13T09:38:53","slug":"hypnose-ericksonienne-experiences-sensorielles-immersives","status":"publish","type":"page","link":"https:\/\/www.hypnoseetpierres-sebastienlanotte.com\/index.php\/hypnose-ericksonienne-experiences-sensorielles-immersives\/","title":{"rendered":"Hypnose Ericksonienne &#038; Exp\u00e9riences Sensorielles Immersives"},"content":{"rendered":"\t\t<div data-elementor-type=\"wp-page\" data-elementor-id=\"3442\" class=\"elementor elementor-3442\" data-elementor-post-type=\"page\">\n\t\t\t\t<div class=\"elementor-element elementor-element-a0b2a28 e-flex e-con-boxed e-con e-parent\" data-id=\"a0b2a28\" data-element_type=\"container\">\n\t\t\t\t\t<div class=\"e-con-inner\">\n\t\t\t\t<div class=\"elementor-element elementor-element-eb77b95 elementor-widget elementor-widget-heading\" data-id=\"eb77b95\" data-element_type=\"widget\" data-widget_type=\"heading.default\">\n\t\t\t\t<div class=\"elementor-widget-container\">\n\t\t\t\t\t<h2 class=\"elementor-heading-title elementor-size-default\">\u00c9largissez vos perceptions par une exploration sensorielle<\/h2>\t\t\t\t<\/div>\n\t\t\t\t<\/div>\n\t\t\t\t<div class=\"elementor-element elementor-element-c889acd elementor-widget elementor-widget-text-editor\" data-id=\"c889acd\" data-element_type=\"widget\" data-widget_type=\"text-editor.default\">\n\t\t\t\t<div class=\"elementor-widget-container\">\n\t\t\t\t\t\t\t\t\t<p>L\u2019hypnose est bien plus qu\u2019une simple technique : c\u2019est une invitation \u00e0 habiter pleinement nos espaces int\u00e9rieurs, \u00e0 mobiliser nos sens et notre \u00eatre tout entier pour \u00e9largir nos perceptions.<\/p><p>Les \u00e9tats modifi\u00e9s de conscience sont avant tout des <b>ph\u00e9nom\u00e8nes naturels<\/b>. C\u2019est une capacit\u00e9 inn\u00e9e que nous poss\u00e9dons tous pour enrichir la connaissance de soi, <strong>explorer et modifier nos fonctionnements.<\/strong><\/p><p>Pour vous accompagner sur ce chemin, j\u2019ai con\u00e7u des <b>exp\u00e9riences sensorielles immersives<\/b>. En int\u00e9grant diff\u00e9rents m\u00e9diums \u00e0 la structure de l\u2019hypnose ericksonienne, je vous guide \u00e0 travers un voyage unique, o\u00f9 chaque sens devient une cl\u00e9 pour acc\u00e9der \u00e0 vos ressources profondes.<\/p>\t\t\t\t\t\t\t\t<\/div>\n\t\t\t\t<\/div>\n\t\t\t\t\t<\/div>\n\t\t\t\t<\/div>\n\t\t<div class=\"elementor-element elementor-element-adaeb1c e-flex e-con-boxed e-con e-parent\" data-id=\"adaeb1c\" data-element_type=\"container\">\n\t\t\t\t\t<div class=\"e-con-inner\">\n\t\t<div class=\"elementor-element elementor-element-6f46a97 e-con-full e-flex e-con e-child\" data-id=\"6f46a97\" data-element_type=\"container\">\n\t\t\t\t<div class=\"elementor-element elementor-element-5864718 elementor-widget elementor-widget-heading\" data-id=\"5864718\" data-element_type=\"widget\" data-widget_type=\"heading.default\">\n\t\t\t\t<div class=\"elementor-widget-container\">\n\t\t\t\t\t<h3 class=\"elementor-heading-title elementor-size-default\">La synergie des sens : une autre dimension de l\u2019hypnose<\/h3>\t\t\t\t<\/div>\n\t\t\t\t<\/div>\n\t\t\t\t<\/div>\n\t\t<div class=\"elementor-element elementor-element-b7580e5 e-con-full e-flex e-con e-child\" data-id=\"b7580e5\" data-element_type=\"container\">\n\t\t\t\t<\/div>\n\t\t\t\t\t<\/div>\n\t\t\t\t<\/div>\n\t\t<div class=\"elementor-element elementor-element-4b65a1d e-flex e-con-boxed e-con e-parent\" data-id=\"4b65a1d\" data-element_type=\"container\">\n\t\t\t\t\t<div class=\"e-con-inner\">\n\t\t<div class=\"elementor-element elementor-element-8c350ba e-con-full e-flex e-con e-child\" data-id=\"8c350ba\" data-element_type=\"container\">\n\t\t\t\t<\/div>\n\t\t<div class=\"elementor-element elementor-element-698b8aa e-con-full e-flex e-con e-child\" data-id=\"698b8aa\" data-element_type=\"container\">\n\t\t\t\t<div class=\"elementor-element elementor-element-6e209c9 elementor-widget elementor-widget-heading\" data-id=\"6e209c9\" data-element_type=\"widget\" data-widget_type=\"heading.default\">\n\t\t\t\t<div class=\"elementor-widget-container\">\n\t\t\t\t\t<h2 class=\"elementor-heading-title elementor-size-default\">Le son et la vibration : rythmer votre voyage int\u00e9rieur au-del\u00e0 des mots<\/h2>\t\t\t\t<\/div>\n\t\t\t\t<\/div>\n\t\t\t\t<div class=\"elementor-element elementor-element-d77de78 elementor-widget elementor-widget-text-editor\" data-id=\"d77de78\" data-element_type=\"widget\" data-widget_type=\"text-editor.default\">\n\t\t\t\t<div class=\"elementor-widget-container\">\n\t\t\t\t\t\t\t\t\t<p>Le son rythme, apaise ou dynamise. Il traverse le corps \u2014 la vibration se propage, r\u00e9sonne, met en mouvement de l&rsquo;int\u00e9rieur. Les diff\u00e9rentes sonorit\u00e9s ouvrent des espaces o\u00f9 l&rsquo;esprit peut voyager. Dans mon cabinet, carillon, tambour, bol tib\u00e9tain, kalimba, udu\u2026 ces instruments traditionnels rythment et soutiennent votre voyage int\u00e9rieur d&rsquo;une fa\u00e7on que les mots atteignent rarement.<\/p><p><b>Autour de l&rsquo;hypnose, je compose une exp\u00e9rience sensorielles unique pour vous \u2014 lumi\u00e8re, son, min\u00e9raux \u2014 :<\/b><\/p><p>\u00a0<\/p>\t\t\t\t\t\t\t\t<\/div>\n\t\t\t\t<\/div>\n\t\t\t\t<\/div>\n\t\t\t\t\t<\/div>\n\t\t\t\t<\/div>\n\t\t<div class=\"elementor-element elementor-element-074d128 e-flex e-con-boxed e-con e-parent\" data-id=\"074d128\" data-element_type=\"container\">\n\t\t\t\t\t<div class=\"e-con-inner\">\n\t\t<div class=\"elementor-element elementor-element-f83d280 e-con-full e-flex e-con e-child\" data-id=\"f83d280\" data-element_type=\"container\">\n\t\t\t\t<div class=\"elementor-element elementor-element-1791ef9 elementor-widget elementor-widget-heading\" data-id=\"1791ef9\" data-element_type=\"widget\" data-widget_type=\"heading.default\">\n\t\t\t\t<div class=\"elementor-widget-container\">\n\t\t\t\t\t<h2 class=\"elementor-heading-title elementor-size-default\">Luminoth\u00e9rapie et photostimulation : La lumi\u00e8re au service du l'hypnose.<\/h2>\t\t\t\t<\/div>\n\t\t\t\t<\/div>\n\t\t\t\t<div class=\"elementor-element elementor-element-e6c421c elementor-widget elementor-widget-text-editor\" data-id=\"e6c421c\" data-element_type=\"widget\" data-widget_type=\"text-editor.default\">\n\t\t\t\t<div class=\"elementor-widget-container\">\n\t\t\t\t\t\t\t\t\t<p>La lumi\u00e8re \u00e9claire et r\u00e9v\u00e8le.<br \/><b><br \/><\/b> Si nous connaissons tous son r\u00f4le dans la vie biologique, sa relation avec le monde min\u00e9ral est tout aussi intime : chaque pierre transforme la lumi\u00e8re, et chaque rayon r\u00e9v\u00e8le les cristaux. C&rsquo;est le pont entre la densit\u00e9 de la terre et la clart\u00e9 de l&rsquo;esprit.<\/p><p>Int\u00e9grer la lumi\u00e8re \u00e0 mes exp\u00e9riences hypnotique coulait de source.<\/p><p><b>Par la luminoth\u00e9rapie,<\/b> les couleurs agissent en douceur sur votre \u00e9tat int\u00e9rieur \u2014 pour relaxer, apaiser, ressourcer en profondeur. <b>Par la photostimulation et la dream machine,<\/b> vous acc\u00e9dez \u00e0 des \u00e9tats de conscience inhabituels : des voyages lumineux, color\u00e9s et intenses, qui facilitent le l\u00e2cher-prise et mettent en mouvement. Ce qui permet <b>d&rsquo;int\u00e9grer en profondeur les transformations que vous d\u00e9sirez.<\/b><\/p>\t\t\t\t\t\t\t\t<\/div>\n\t\t\t\t<\/div>\n\t\t\t\t<\/div>\n\t\t<div class=\"elementor-element elementor-element-ba3f100 e-con-full e-flex e-con e-child\" data-id=\"ba3f100\" data-element_type=\"container\">\n\t\t\t\t<\/div>\n\t\t\t\t\t<\/div>\n\t\t\t\t<\/div>\n\t\t<div class=\"elementor-element elementor-element-38fe852 e-flex e-con-boxed e-con e-parent\" data-id=\"38fe852\" data-element_type=\"container\">\n\t\t\t\t\t<div class=\"e-con-inner\">\n\t\t<div class=\"elementor-element elementor-element-775b36c e-con-full e-flex e-con e-child\" data-id=\"775b36c\" data-element_type=\"container\">\n\t\t\t\t<\/div>\n\t\t<div class=\"elementor-element elementor-element-6224a1d e-con-full e-flex e-con e-child\" data-id=\"6224a1d\" data-element_type=\"container\">\n\t\t\t\t<div class=\"elementor-element elementor-element-2ab5fcc elementor-widget elementor-widget-heading\" data-id=\"2ab5fcc\" data-element_type=\"widget\" data-widget_type=\"heading.default\">\n\t\t\t\t<div class=\"elementor-widget-container\">\n\t\t\t\t\t<h3 class=\"elementor-heading-title elementor-size-default\">Le min\u00e9ral en hypnose : un point d'appui pour l'esprit.\n\n.<\/h3>\t\t\t\t<\/div>\n\t\t\t\t<\/div>\n\t\t\t\t<div class=\"elementor-element elementor-element-ea0b0a6 elementor-widget elementor-widget-text-editor\" data-id=\"ea0b0a6\" data-element_type=\"widget\" data-widget_type=\"text-editor.default\">\n\t\t\t\t<div class=\"elementor-widget-container\">\n\t\t\t\t\t\t\t\t\t<p>Les min\u00e9raux intriguent depuis toujours.<\/p><p>Chaque pierre a une force d&rsquo;\u00e9vocation imm\u00e9diate. Les regarder, les toucher, s&rsquo;y attarder \u2014<b> quelque chose se passe presque aussit\u00f4t : l&rsquo;attention se pose, l&rsquo;imagination s&rsquo;ouvre.<\/b> C&rsquo;est pr\u00e9cis\u00e9ment ce qui en fait des supports puissants en hypnose.<\/p><p>Ce qui me fascine dans les pierres, c&rsquo;est ce qu&rsquo;elles sont fondamentalement : <b>des mati\u00e8res nobles, fa\u00e7onn\u00e9es au c\u0153ur de la terre<\/b> sur des millions d&rsquo;ann\u00e9es, des couleurs incroyables,<b> des g\u00e9om\u00e9tries cristallines, une pr\u00e9sence qui d\u00e9fie le temps. Pas leurs propri\u00e9t\u00e9s suppos\u00e9es<\/b> \u2014 leur r\u00e9alit\u00e9 concr\u00e8te et leur puissance \u00e9vocatrice.<\/p><p>Form\u00e9 en gemmologie, je s\u00e9lectionne avec soin des pierres rares et de qualit\u00e9, choisies autant pour leur beaut\u00e9 que pour ce qu&rsquo;elles \u00e9voquent\u00a0 et permettent de traverser.<\/p><p><em><strong>C&rsquo;est toujours vous qui choisissez<\/strong> parmi une tr\u00e8s belle s\u00e9lection,\u00a0 la ou les pierres avec lesquelles vous voulez explorer et je vous montrerai et proposerai diff\u00e9rentes m\u00e9thodes pour <strong>nourrir votre exp\u00e9rience<\/strong> hypnotique.<\/em><\/p>\t\t\t\t\t\t\t\t<\/div>\n\t\t\t\t<\/div>\n\t\t\t\t<\/div>\n\t\t\t\t\t<\/div>\n\t\t\t\t<\/div>\n\t\t<div class=\"elementor-element elementor-element-0058cca e-flex e-con-boxed e-con e-parent\" data-id=\"0058cca\" data-element_type=\"container\">\n\t\t\t\t\t<div class=\"e-con-inner\">\n\t\t\t\t<div class=\"elementor-element elementor-element-58f919a elementor-widget elementor-widget-heading\" data-id=\"58f919a\" data-element_type=\"widget\" data-widget_type=\"heading.default\">\n\t\t\t\t<div class=\"elementor-widget-container\">\n\t\t\t\t\t<h3 class=\"elementor-heading-title elementor-size-default\">Un voyage construit \u00e0 votre \u00e9coute<\/h3>\t\t\t\t<\/div>\n\t\t\t\t<\/div>\n\t\t\t\t<div class=\"elementor-element elementor-element-ffc86be elementor-widget elementor-widget-text-editor\" data-id=\"ffc86be\" data-element_type=\"widget\" data-widget_type=\"text-editor.default\">\n\t\t\t\t<div class=\"elementor-widget-container\">\n\t\t\t\t\t\t\t\t\t<p>Chaque exp\u00e9rience se construit ensemble. Je vous accompagne et m&rsquo;adapte pr\u00e9cis\u00e9ment \u00e0 vos affinit\u00e9s, vos pr\u00e9f\u00e9rences et votre rythme, afin que vous viviez un moment unique, parfaitement accord\u00e9 \u00e0 votre \u00eatre.<\/p>\t\t\t\t\t\t\t\t<\/div>\n\t\t\t\t<\/div>\n\t\t\t\t<div class=\"elementor-element elementor-element-a08e4c4 elementor-widget elementor-widget-global elementor-global-1191 elementor-widget-button\" data-id=\"a08e4c4\" data-element_type=\"widget\" data-widget_type=\"button.default\">\n\t\t\t\t<div class=\"elementor-widget-container\">\n\t\t\t\t\t\t\t\t\t<div class=\"elementor-button-wrapper\">\n\t\t\t\t\t<a class=\"elementor-button elementor-button-link elementor-size-sm\" href=\"https:\/\/www.resalib.fr\/praticien\/56232-sebastien-lanotte-hypnotherapeute-etival-clairefontaine\" target=\"_blank\">\n\t\t\t\t\t\t<span class=\"elementor-button-content-wrapper\">\n\t\t\t\t\t\t\t\t\t<span class=\"elementor-button-text\">Prenez rendez-vous<\/span>\n\t\t\t\t\t<\/span>\n\t\t\t\t\t<\/a>\n\t\t\t\t<\/div>\n\t\t\t\t\t\t\t\t<\/div>\n\t\t\t\t<\/div>\n\t\t\t\t<div class=\"elementor-element elementor-element-9386b76 elementor-hidden-mobile elementor-widget elementor-widget-button\" data-id=\"9386b76\" data-element_type=\"widget\" data-widget_type=\"button.default\">\n\t\t\t\t<div class=\"elementor-widget-container\">\n\t\t\t\t\t\t\t\t\t<div class=\"elementor-button-wrapper\">\n\t\t\t\t\t<a class=\"elementor-button elementor-button-link elementor-size-sm\" href=\"\" target=\"_blank\">\n\t\t\t\t\t\t<span class=\"elementor-button-content-wrapper\">\n\t\t\t\t\t\t\t\t\t<span class=\"elementor-button-text\">Me contacter<\/span>\n\t\t\t\t\t<\/span>\n\t\t\t\t\t<\/a>\n\t\t\t\t<\/div>\n\t\t\t\t\t\t\t\t<\/div>\n\t\t\t\t<\/div>\n\t\t\t\t<div class=\"elementor-element elementor-element-0561f8f elementor-hidden-desktop elementor-hidden-tablet elementor-widget elementor-widget-button\" data-id=\"0561f8f\" data-element_type=\"widget\" data-widget_type=\"button.default\">\n\t\t\t\t<div class=\"elementor-widget-container\">\n\t\t\t\t\t\t\t\t\t<div class=\"elementor-button-wrapper\">\n\t\t\t\t\t<a class=\"elementor-button elementor-button-link elementor-size-sm\" href=\"tel:+33658779935\">\n\t\t\t\t\t\t<span class=\"elementor-button-content-wrapper\">\n\t\t\t\t\t\t\t\t\t<span class=\"elementor-button-text\">Me contacter<\/span>\n\t\t\t\t\t<\/span>\n\t\t\t\t\t<\/a>\n\t\t\t\t<\/div>\n\t\t\t\t\t\t\t\t<\/div>\n\t\t\t\t<\/div>\n\t\t\t\t\t<\/div>\n\t\t\t\t<\/div>\n\t\t\t\t<\/div>\n\t\t","protected":false},"excerpt":{"rendered":"<p>\u00c9largissez vos perceptions par une exploration sensorielle L\u2019hypnose est bien plus qu\u2019une simple technique : c\u2019est une invitation \u00e0 habiter pleinement nos espaces int\u00e9rieurs, \u00e0 mobiliser nos sens et notre \u00eatre tout entier pour \u00e9largir nos perceptions. Les \u00e9tats modifi\u00e9s de conscience sont avant tout des ph\u00e9nom\u00e8nes naturels. C\u2019est une capacit\u00e9 inn\u00e9e que nous poss\u00e9dons [&hellip;]<\/p>\n","protected":false},"author":1,"featured_media":0,"parent":0,"menu_order":0,"comment_status":"closed","ping_status":"closed","template":"","meta":{"footnotes":""},"class_list":["post-3442","page","type-page","status-publish","hentry"],"yoast_head":"<!-- This site is optimized with the Yoast SEO plugin v24.3 - https:\/\/yoast.com\/wordpress\/plugins\/seo\/ -->\n<title>Hypnose Ericksonienne &amp; Exp\u00e9riences Sensorielles Immersives &#8226; Racines Min\u00e9rales<\/title>\n<meta name=\"robots\" content=\"index, follow, max-snippet:-1, max-image-preview:large, max-video-preview:-1\" \/>\n<link rel=\"canonical\" href=\"https:\/\/www.hypnoseetpierres-sebastienlanotte.com\/index.php\/hypnose-ericksonienne-experiences-sensorielles-immersives\/\" \/>\n<meta property=\"og:locale\" content=\"fr_FR\" \/>\n<meta property=\"og:type\" content=\"article\" \/>\n<meta property=\"og:title\" content=\"Hypnose Ericksonienne &amp; Exp\u00e9riences Sensorielles Immersives &#8226; Racines Min\u00e9rales\" \/>\n<meta property=\"og:description\" content=\"\u00c9largissez vos perceptions par une exploration sensorielle L\u2019hypnose est bien plus qu\u2019une simple technique : c\u2019est une invitation \u00e0 habiter pleinement nos espaces int\u00e9rieurs, \u00e0 mobiliser nos sens et notre \u00eatre tout entier pour \u00e9largir nos perceptions. Les \u00e9tats modifi\u00e9s de conscience sont avant tout des ph\u00e9nom\u00e8nes naturels. C\u2019est une capacit\u00e9 inn\u00e9e que nous poss\u00e9dons [&hellip;]\" \/>\n<meta property=\"og:url\" content=\"https:\/\/www.hypnoseetpierres-sebastienlanotte.com\/index.php\/hypnose-ericksonienne-experiences-sensorielles-immersives\/\" \/>\n<meta property=\"og:site_name\" content=\"Racines Min\u00e9rales\" \/>\n<meta property=\"article:publisher\" content=\"https:\/\/www.facebook.com\/sebhypnoseetpierre\/\" \/>\n<meta property=\"article:modified_time\" content=\"2026-04-13T09:38:53+00:00\" \/>\n<meta property=\"og:image\" content=\"https:\/\/www.hypnoseetpierres-sebastienlanotte.com\/wp-content\/uploads\/2026\/03\/headersite-transparent.png\" \/>\n\t<meta property=\"og:image:width\" content=\"851\" \/>\n\t<meta property=\"og:image:height\" content=\"315\" \/>\n\t<meta property=\"og:image:type\" content=\"image\/png\" \/>\n<meta name=\"twitter:card\" content=\"summary_large_image\" \/>\n<meta name=\"twitter:label1\" content=\"Dur\u00e9e de lecture estim\u00e9e\" \/>\n\t<meta name=\"twitter:data1\" content=\"3 minutes\" \/>\n<script type=\"application\/ld+json\" class=\"yoast-schema-graph\">{\"@context\":\"https:\/\/schema.org\",\"@graph\":[{\"@type\":\"WebPage\",\"@id\":\"https:\/\/www.hypnoseetpierres-sebastienlanotte.com\/index.php\/hypnose-ericksonienne-experiences-sensorielles-immersives\/\",\"url\":\"https:\/\/www.hypnoseetpierres-sebastienlanotte.com\/index.php\/hypnose-ericksonienne-experiences-sensorielles-immersives\/\",\"name\":\"Hypnose Ericksonienne & Exp\u00e9riences Sensorielles Immersives &#8226; Racines Min\u00e9rales\",\"isPartOf\":{\"@id\":\"https:\/\/www.hypnoseetpierres-sebastienlanotte.com\/#website\"},\"datePublished\":\"2026-04-13T09:18:41+00:00\",\"dateModified\":\"2026-04-13T09:38:53+00:00\",\"breadcrumb\":{\"@id\":\"https:\/\/www.hypnoseetpierres-sebastienlanotte.com\/index.php\/hypnose-ericksonienne-experiences-sensorielles-immersives\/#breadcrumb\"},\"inLanguage\":\"fr-FR\",\"potentialAction\":[{\"@type\":\"ReadAction\",\"target\":[\"https:\/\/www.hypnoseetpierres-sebastienlanotte.com\/index.php\/hypnose-ericksonienne-experiences-sensorielles-immersives\/\"]}]},{\"@type\":\"BreadcrumbList\",\"@id\":\"https:\/\/www.hypnoseetpierres-sebastienlanotte.com\/index.php\/hypnose-ericksonienne-experiences-sensorielles-immersives\/#breadcrumb\",\"itemListElement\":[{\"@type\":\"ListItem\",\"position\":1,\"name\":\"Accueil\",\"item\":\"https:\/\/www.hypnoseetpierres-sebastienlanotte.com\/\"},{\"@type\":\"ListItem\",\"position\":2,\"name\":\"Hypnose Ericksonienne &#038; Exp\u00e9riences Sensorielles Immersives\"}]},{\"@type\":\"WebSite\",\"@id\":\"https:\/\/www.hypnoseetpierres-sebastienlanotte.com\/#website\",\"url\":\"https:\/\/www.hypnoseetpierres-sebastienlanotte.com\/\",\"name\":\"Racines Min\u00e9rales - Hypnose et Pierres - S\u00e9bastien Lanotte\",\"description\":\"Prendre le temps de l&#039;\u00e9merveillement\",\"publisher\":{\"@id\":\"https:\/\/www.hypnoseetpierres-sebastienlanotte.com\/#organization\"},\"potentialAction\":[{\"@type\":\"SearchAction\",\"target\":{\"@type\":\"EntryPoint\",\"urlTemplate\":\"https:\/\/www.hypnoseetpierres-sebastienlanotte.com\/?s={search_term_string}\"},\"query-input\":{\"@type\":\"PropertyValueSpecification\",\"valueRequired\":true,\"valueName\":\"search_term_string\"}}],\"inLanguage\":\"fr-FR\"},{\"@type\":\"Organization\",\"@id\":\"https:\/\/www.hypnoseetpierres-sebastienlanotte.com\/#organization\",\"name\":\"Racines Min\u00e9rales S\u00e9bastien Lanotte EI\",\"url\":\"https:\/\/www.hypnoseetpierres-sebastienlanotte.com\/\",\"logo\":{\"@type\":\"ImageObject\",\"inLanguage\":\"fr-FR\",\"@id\":\"https:\/\/www.hypnoseetpierres-sebastienlanotte.com\/#\/schema\/logo\/image\/\",\"url\":\"https:\/\/www.hypnoseetpierres-sebastienlanotte.com\/wp-content\/uploads\/2025\/01\/Copie-de-Racines-minerales-1000-x-1000-px.png\",\"contentUrl\":\"https:\/\/www.hypnoseetpierres-sebastienlanotte.com\/wp-content\/uploads\/2025\/01\/Copie-de-Racines-minerales-1000-x-1000-px.png\",\"width\":1000,\"height\":1000,\"caption\":\"Racines Min\u00e9rales S\u00e9bastien Lanotte EI\"},\"image\":{\"@id\":\"https:\/\/www.hypnoseetpierres-sebastienlanotte.com\/#\/schema\/logo\/image\/\"},\"sameAs\":[\"https:\/\/www.facebook.com\/sebhypnoseetpierre\/\"]}]}<\/script>\n<!-- \/ Yoast SEO plugin. -->","yoast_head_json":{"title":"Hypnose Ericksonienne & Exp\u00e9riences Sensorielles Immersives &#8226; Racines Min\u00e9rales","robots":{"index":"index","follow":"follow","max-snippet":"max-snippet:-1","max-image-preview":"max-image-preview:large","max-video-preview":"max-video-preview:-1"},"canonical":"https:\/\/www.hypnoseetpierres-sebastienlanotte.com\/index.php\/hypnose-ericksonienne-experiences-sensorielles-immersives\/","og_locale":"fr_FR","og_type":"article","og_title":"Hypnose Ericksonienne & Exp\u00e9riences Sensorielles Immersives &#8226; Racines Min\u00e9rales","og_description":"\u00c9largissez vos perceptions par une exploration sensorielle L\u2019hypnose est bien plus qu\u2019une simple technique : c\u2019est une invitation \u00e0 habiter pleinement nos espaces int\u00e9rieurs, \u00e0 mobiliser nos sens et notre \u00eatre tout entier pour \u00e9largir nos perceptions. Les \u00e9tats modifi\u00e9s de conscience sont avant tout des ph\u00e9nom\u00e8nes naturels. C\u2019est une capacit\u00e9 inn\u00e9e que nous poss\u00e9dons [&hellip;]","og_url":"https:\/\/www.hypnoseetpierres-sebastienlanotte.com\/index.php\/hypnose-ericksonienne-experiences-sensorielles-immersives\/","og_site_name":"Racines Min\u00e9rales","article_publisher":"https:\/\/www.facebook.com\/sebhypnoseetpierre\/","article_modified_time":"2026-04-13T09:38:53+00:00","og_image":[{"width":851,"height":315,"url":"https:\/\/www.hypnoseetpierres-sebastienlanotte.com\/wp-content\/uploads\/2026\/03\/headersite-transparent.png","type":"image\/png"}],"twitter_card":"summary_large_image","twitter_misc":{"Dur\u00e9e de lecture estim\u00e9e":"3 minutes"},"schema":{"@context":"https:\/\/schema.org","@graph":[{"@type":"WebPage","@id":"https:\/\/www.hypnoseetpierres-sebastienlanotte.com\/index.php\/hypnose-ericksonienne-experiences-sensorielles-immersives\/","url":"https:\/\/www.hypnoseetpierres-sebastienlanotte.com\/index.php\/hypnose-ericksonienne-experiences-sensorielles-immersives\/","name":"Hypnose Ericksonienne & Exp\u00e9riences Sensorielles Immersives &#8226; Racines Min\u00e9rales","isPartOf":{"@id":"https:\/\/www.hypnoseetpierres-sebastienlanotte.com\/#website"},"datePublished":"2026-04-13T09:18:41+00:00","dateModified":"2026-04-13T09:38:53+00:00","breadcrumb":{"@id":"https:\/\/www.hypnoseetpierres-sebastienlanotte.com\/index.php\/hypnose-ericksonienne-experiences-sensorielles-immersives\/#breadcrumb"},"inLanguage":"fr-FR","potentialAction":[{"@type":"ReadAction","target":["https:\/\/www.hypnoseetpierres-sebastienlanotte.com\/index.php\/hypnose-ericksonienne-experiences-sensorielles-immersives\/"]}]},{"@type":"BreadcrumbList","@id":"https:\/\/www.hypnoseetpierres-sebastienlanotte.com\/index.php\/hypnose-ericksonienne-experiences-sensorielles-immersives\/#breadcrumb","itemListElement":[{"@type":"ListItem","position":1,"name":"Accueil","item":"https:\/\/www.hypnoseetpierres-sebastienlanotte.com\/"},{"@type":"ListItem","position":2,"name":"Hypnose Ericksonienne &#038; Exp\u00e9riences Sensorielles Immersives"}]},{"@type":"WebSite","@id":"https:\/\/www.hypnoseetpierres-sebastienlanotte.com\/#website","url":"https:\/\/www.hypnoseetpierres-sebastienlanotte.com\/","name":"Racines Min\u00e9rales - Hypnose et Pierres - S\u00e9bastien Lanotte","description":"Prendre le temps de l&#039;\u00e9merveillement","publisher":{"@id":"https:\/\/www.hypnoseetpierres-sebastienlanotte.com\/#organization"},"potentialAction":[{"@type":"SearchAction","target":{"@type":"EntryPoint","urlTemplate":"https:\/\/www.hypnoseetpierres-sebastienlanotte.com\/?s={search_term_string}"},"query-input":{"@type":"PropertyValueSpecification","valueRequired":true,"valueName":"search_term_string"}}],"inLanguage":"fr-FR"},{"@type":"Organization","@id":"https:\/\/www.hypnoseetpierres-sebastienlanotte.com\/#organization","name":"Racines Min\u00e9rales S\u00e9bastien Lanotte EI","url":"https:\/\/www.hypnoseetpierres-sebastienlanotte.com\/","logo":{"@type":"ImageObject","inLanguage":"fr-FR","@id":"https:\/\/www.hypnoseetpierres-sebastienlanotte.com\/#\/schema\/logo\/image\/","url":"https:\/\/www.hypnoseetpierres-sebastienlanotte.com\/wp-content\/uploads\/2025\/01\/Copie-de-Racines-minerales-1000-x-1000-px.png","contentUrl":"https:\/\/www.hypnoseetpierres-sebastienlanotte.com\/wp-content\/uploads\/2025\/01\/Copie-de-Racines-minerales-1000-x-1000-px.png","width":1000,"height":1000,"caption":"Racines Min\u00e9rales S\u00e9bastien Lanotte EI"},"image":{"@id":"https:\/\/www.hypnoseetpierres-sebastienlanotte.com\/#\/schema\/logo\/image\/"},"sameAs":["https:\/\/www.facebook.com\/sebhypnoseetpierre\/"]}]}},"_links":{"self":[{"href":"https:\/\/www.hypnoseetpierres-sebastienlanotte.com\/index.php\/wp-json\/wp\/v2\/pages\/3442","targetHints":{"allow":["GET"]}}],"collection":[{"href":"https:\/\/www.hypnoseetpierres-sebastienlanotte.com\/index.php\/wp-json\/wp\/v2\/pages"}],"about":[{"href":"https:\/\/www.hypnoseetpierres-sebastienlanotte.com\/index.php\/wp-json\/wp\/v2\/types\/page"}],"author":[{"embeddable":true,"href":"https:\/\/www.hypnoseetpierres-sebastienlanotte.com\/index.php\/wp-json\/wp\/v2\/users\/1"}],"replies":[{"embeddable":true,"href":"https:\/\/www.hypnoseetpierres-sebastienlanotte.com\/index.php\/wp-json\/wp\/v2\/comments?post=3442"}],"version-history":[{"count":16,"href":"https:\/\/www.hypnoseetpierres-sebastienlanotte.com\/index.php\/wp-json\/wp\/v2\/pages\/3442\/revisions"}],"predecessor-version":[{"id":3460,"href":"https:\/\/www.hypnoseetpierres-sebastienlanotte.com\/index.php\/wp-json\/wp\/v2\/pages\/3442\/revisions\/3460"}],"wp:attachment":[{"href":"https:\/\/www.hypnoseetpierres-sebastienlanotte.com\/index.php\/wp-json\/wp\/v2\/media?parent=3442"}],"curies":[{"name":"wp","href":"https:\/\/api.w.org\/{rel}","templated":true}]}}